{"id":15,"date":"2012-04-06T09:54:03","date_gmt":"2012-04-06T09:54:03","guid":{"rendered":"http:\/\/www.veterinairesadomicile.com\/domicile\/?p=15"},"modified":"2022-05-07T14:14:40","modified_gmt":"2022-05-07T14:14:40","slug":"quest-ce-quun-veterinaire-a-domicile","status":"publish","type":"page","link":"https:\/\/www.veterinairesadomicile.com\/veterinaires-a-domicile\/quest-ce-quun-veterinaire-a-domicile\/","title":{"rendered":"Qu&rsquo;est-ce qu&rsquo;un v\u00e9t\u00e9rinaire \u00e0 domicile ?"},"content":{"rendered":"<div style=\"text-align: justify;\">\n<p><iframe loading=\"lazy\" width=\"560\" height=\"315\" src=\"https:\/\/www.youtube.com\/embed\/N_FGh4Bw8dY\" title=\"YouTube video player\" frameborder=\"0\" allow=\"accelerometer; autoplay; clipboard-write; encrypted-media; gyroscope; picture-in-picture\" allowfullscreen><\/iframe><\/p>\n<p>\u201cEst d\u00e9nomm\u00e9e v\u00e9t\u00e9rinaire \u00e0 domicile la personne physique ou morale habilit\u00e9e \u00e0 exercer la m\u00e9decine et la chirurgie des animaux qui, n&rsquo;ayant pas de domicile professionnel d&rsquo;exercice, exerce exclusivement sa profession au domicile du client.\u201d ext. Art. R.* 242-57. du Code Rural.\u00a0Tous les v\u00e9t\u00e9rinaires en droit d\u2019exercer ont donc la possibilit\u00e9 de faire des visites \u00e0 domicile, mais seuls les v\u00e9t\u00e9rinaires exer\u00e7ant exclusivement \u00e0 domicile peuvent s\u2019appeler \u201cv\u00e9t\u00e9rinaires \u00e0 domicile\u201d.<\/p>\n<\/div>\n<div style=\"text-align: justify;\"><\/div>\n<div>\n<div>\n<h3 style=\"text-align: justify;\">Comme son activit\u00e9 est exclusivement et enti\u00e8rement \u00e0 domicile, votre v\u00e9t\u00e9rinaire \u00e0 domicile utilise donc un mat\u00e9riel parfaitement optimis\u00e9 pour l\u2019activit\u00e9 ambulatoire et dispose de tout ce dont il a besoin dans son v\u00e9hicule.<\/h3>\n<\/div>\n<\/div>\n","protected":false},"excerpt":{"rendered":"<p>\u201cEst d\u00e9nomm\u00e9e v\u00e9t\u00e9rinaire \u00e0 domicile la personne physique ou morale habilit\u00e9e \u00e0 exercer la m\u00e9decine et la chirurgie des animaux qui, n&rsquo;ayant pas de domicile professionnel d&rsquo;exercice, exerce exclusivement sa profession au domicile du client.\u201d ext. Art. R.* 242-57. du Code Rural.\u00a0Tous les v\u00e9t\u00e9rinaires en droit d\u2019exercer ont donc la possibilit\u00e9 de faire des visites [&hellip;]<\/p>\n","protected":false},"author":1,"featured_media":362,"parent":0,"menu_order":0,"comment_status":"closed","ping_status":"open","template":"","meta":{"footnotes":""},"_links":{"self":[{"href":"https:\/\/www.veterinairesadomicile.com\/veterinaires-a-domicile\/wp-json\/wp\/v2\/pages\/15"}],"collection":[{"href":"https:\/\/www.veterinairesadomicile.com\/veterinaires-a-domicile\/wp-json\/wp\/v2\/pages"}],"about":[{"href":"https:\/\/www.veterinairesadomicile.com\/veterinaires-a-domicile\/wp-json\/wp\/v2\/types\/page"}],"author":[{"embeddable":true,"href":"https:\/\/www.veterinairesadomicile.com\/veterinaires-a-domicile\/wp-json\/wp\/v2\/users\/1"}],"replies":[{"embeddable":true,"href":"https:\/\/www.veterinairesadomicile.com\/veterinaires-a-domicile\/wp-json\/wp\/v2\/comments?post=15"}],"version-history":[{"count":10,"href":"https:\/\/www.veterinairesadomicile.com\/veterinaires-a-domicile\/wp-json\/wp\/v2\/pages\/15\/revisions"}],"predecessor-version":[{"id":2744,"href":"https:\/\/www.veterinairesadomicile.com\/veterinaires-a-domicile\/wp-json\/wp\/v2\/pages\/15\/revisions\/2744"}],"wp:featuredmedia":[{"embeddable":true,"href":"https:\/\/www.veterinairesadomicile.com\/veterinaires-a-domicile\/wp-json\/wp\/v2\/media\/362"}],"wp:attachment":[{"href":"https:\/\/www.veterinairesadomicile.com\/veterinaires-a-domicile\/wp-json\/wp\/v2\/media?parent=15"}],"curies":[{"name":"wp","href":"https:\/\/api.w.org\/{rel}","templated":true}]}}