{"id":260,"date":"2012-02-27T15:54:29","date_gmt":"2012-02-27T15:54:29","guid":{"rendered":"http:\/\/www.veterinairesadomicile.com\/domicile\/?p=260"},"modified":"2022-05-07T14:17:10","modified_gmt":"2022-05-07T14:17:10","slug":"et-sil-faut-hospitaliser-lanimal","status":"publish","type":"page","link":"https:\/\/www.veterinairesadomicile.com\/veterinaires-a-domicile\/et-sil-faut-hospitaliser-lanimal\/","title":{"rendered":"Et s\u2019il faut hospitaliser l&rsquo;animal ?"},"content":{"rendered":"<div style=\"text-align: justify;\"><a href=\"https:\/\/www.veterinairesadomicile.com\/veterinaires-a-domicile\/wp-content\/uploads\/2015\/01\/competence.jpg\"><img loading=\"lazy\" decoding=\"async\" class=\"wp-image-361 size-medium aligncenter\" src=\"https:\/\/www.veterinairesadomicile.com\/veterinaires-a-domicile\/wp-content\/uploads\/2015\/01\/competence-300x200.jpg\" alt=\"\" width=\"300\" height=\"200\" srcset=\"https:\/\/www.veterinairesadomicile.com\/veterinaires-a-domicile\/wp-content\/uploads\/2015\/01\/competence-300x200.jpg 300w, https:\/\/www.veterinairesadomicile.com\/veterinaires-a-domicile\/wp-content\/uploads\/2015\/01\/competence-1024x683.jpg 1024w, https:\/\/www.veterinairesadomicile.com\/veterinaires-a-domicile\/wp-content\/uploads\/2015\/01\/competence.jpg 1200w\" sizes=\"(max-width: 300px) 100vw, 300px\" \/><\/a>Dans certains cas extr\u00eames, comme en m\u00e9decine humaine, il faudra transf\u00e9rer l\u2019animal stabilis\u00e9 par le v\u00e9t\u00e9rinaire \u00e0 domicile vers un \u00e9tablissement de soins pour l\u2019hospitaliser.<\/div>\n<div style=\"text-align: justify;\"><\/div>\n<div style=\"text-align: justify;\">Deux cas sont possibles:<\/div>\n<div style=\"padding-left: 30px; text-align: justify;\">\u2022soit le v\u00e9t\u00e9rinaire \u00e0 domicile peut assurer le transfert de l\u2019animal<\/div>\n<div style=\"padding-left: 30px; text-align: justify;\">\u2022soit vous serez l\u2019organisateur du transfert.<\/div>\n<div style=\"padding-left: 30px; text-align: justify;\"><\/div>\n<div style=\"text-align: justify;\">Ce point est \u00e0 voir au cas par cas avec chaque v\u00e9t\u00e9rinaire \u00e0 domicile. Dans les deux cas, votre v\u00e9t\u00e9rinaire \u00e0 domicile travaille avec un ou plusieurs \u00e9tablissements de soins v\u00e9t\u00e9rinaires proches de votre domicile.<\/div>\n<div style=\"text-align: justify;\"><\/div>\n<h3 style=\"text-align: justify;\">Comme avec un m\u00e9decin, les v\u00e9t\u00e9rinaires \u00e0 domicile et les v\u00e9t\u00e9rinaires de ces \u00e9tablissements de soins v\u00e9t\u00e9rinaires s\u2019\u00e9changent, avec votre accord, les informations n\u00e9cessaires \u00e0 la meilleure prise en charge de votre animal.<\/h3>\n","protected":false},"excerpt":{"rendered":"<p>Dans certains cas extr\u00eames, comme en m\u00e9decine humaine, il faudra transf\u00e9rer l\u2019animal stabilis\u00e9 par le v\u00e9t\u00e9rinaire \u00e0 domicile vers un \u00e9tablissement de soins pour l\u2019hospitaliser. Deux cas sont possibles: \u2022soit le v\u00e9t\u00e9rinaire \u00e0 domicile peut assurer le transfert de l\u2019animal \u2022soit vous serez l\u2019organisateur du transfert. Ce point est \u00e0 voir au cas par cas [&hellip;]<\/p>\n","protected":false},"author":1,"featured_media":361,"parent":0,"menu_order":0,"comment_status":"closed","ping_status":"closed","template":"","meta":{"footnotes":""},"_links":{"self":[{"href":"https:\/\/www.veterinairesadomicile.com\/veterinaires-a-domicile\/wp-json\/wp\/v2\/pages\/260"}],"collection":[{"href":"https:\/\/www.veterinairesadomicile.com\/veterinaires-a-domicile\/wp-json\/wp\/v2\/pages"}],"about":[{"href":"https:\/\/www.veterinairesadomicile.com\/veterinaires-a-domicile\/wp-json\/wp\/v2\/types\/page"}],"author":[{"embeddable":true,"href":"https:\/\/www.veterinairesadomicile.com\/veterinaires-a-domicile\/wp-json\/wp\/v2\/users\/1"}],"replies":[{"embeddable":true,"href":"https:\/\/www.veterinairesadomicile.com\/veterinaires-a-domicile\/wp-json\/wp\/v2\/comments?post=260"}],"version-history":[{"count":6,"href":"https:\/\/www.veterinairesadomicile.com\/veterinaires-a-domicile\/wp-json\/wp\/v2\/pages\/260\/revisions"}],"predecessor-version":[{"id":2746,"href":"https:\/\/www.veterinairesadomicile.com\/veterinaires-a-domicile\/wp-json\/wp\/v2\/pages\/260\/revisions\/2746"}],"wp:featuredmedia":[{"embeddable":true,"href":"https:\/\/www.veterinairesadomicile.com\/veterinaires-a-domicile\/wp-json\/wp\/v2\/media\/361"}],"wp:attachment":[{"href":"https:\/\/www.veterinairesadomicile.com\/veterinaires-a-domicile\/wp-json\/wp\/v2\/media?parent=260"}],"curies":[{"name":"wp","href":"https:\/\/api.w.org\/{rel}","templated":true}]}}