{"id":267,"date":"2012-07-27T00:01:12","date_gmt":"2012-07-27T00:01:12","guid":{"rendered":"http:\/\/www.veterinairesadomicile.com\/domicile\/?p=267"},"modified":"2020-05-05T13:50:35","modified_gmt":"2020-05-05T13:50:35","slug":"charte-des-veterinaires-a-domicile-membres-de-lavad","status":"publish","type":"page","link":"https:\/\/www.veterinairesadomicile.com\/veterinaires-a-domicile\/charte-des-veterinaires-a-domicile-membres-de-lavad\/","title":{"rendered":"Charte des v\u00e9t\u00e9rinaires \u00e0 domicile membres de l&rsquo;AVAD"},"content":{"rendered":"<h2 style=\"text-align: justify;\"><strong><img loading=\"lazy\" decoding=\"async\" class=\"alignright size-full wp-image-161\" src=\"https:\/\/www.veterinairesadomicile.com\/veterinaires-a-domicile\/wp-content\/uploads\/2012\/04\/img_side.png\" alt=\"\" width=\"300\" height=\"269\" \/>1. DEONTOLOGIE<\/strong><\/h2>\n<p style=\"text-align: justify;\">Les v\u00e9t\u00e9rinaires membres de l\u2019 AVAD s\u2019engagent \u00e0 respecter le code de d\u00e9ontologie de la profession. Ils agissent en partenariat avec les v\u00e9t\u00e9rinaires s\u00e9dentaires au sein de la chaine de soins pour le bien-\u00eatre des animaux de compagnie et s\u2019interdisent tout acte de concurrence d\u00e9loyale ou de d\u00e9tournement de client\u00e8le.<\/p>\n<h2 style=\"text-align: justify;\"><strong>2. DISPONIBILITE<\/strong><\/h2>\n<p style=\"text-align: justify;\">En cas d&rsquo;urgence, les v\u00e9t\u00e9rinaires membres de l\u2019 AVAD donnent un rendez-vous \u00e0 domicile le jour m\u00eame pour tout animal malade. En cas d&rsquo;impossibilit\u00e9 technique ou logistique, ils mettent en relation avec la clinique v\u00e9t\u00e9rinaire la plus proche.<\/p>\n<h2 style=\"text-align: justify;\"><strong>3. HYGIENE ET MATERIEL<\/strong><\/h2>\n<p style=\"text-align: justify;\">Les v\u00e9t\u00e9rinaires membres de l\u2019 AVAD respectent des proc\u00e9dures assurant un niveau d&rsquo;hygi\u00e8ne optimal. Ils utilisent les d\u00e9sinfectants les mieux adapt\u00e9s \u00e0 l&rsquo;activit\u00e9 ambulatoire. Les mat\u00e9riels qui rentrent en contact avec l&rsquo;animal sont \u00e0 usage unique chaque fois que c&rsquo;est possible.<br \/>\nLes v\u00e9t\u00e9rinaires membres de l\u2019 AVAD poss\u00e8dent un \u00e9quipement sp\u00e9cifique \u00e0 l\u2019activit\u00e9 v\u00e9t\u00e9rinaire \u00e0 domicile. Exer\u00e7ant exclusivement \u00e0 domicile, ils transportent syst\u00e9matiquement le mat\u00e9riel n\u00e9cessaire \u00e0 leur activit\u00e9 dans les v\u00e9hicules.<\/p>\n<h2 style=\"text-align: justify;\"><strong>4. TARIFS<\/strong><\/h2>\n<p style=\"text-align: justify;\">Les v\u00e9t\u00e9rinaires membres de l\u2019 AVAD fixent leurs tarifs avec tact et mesure.<br \/>\nIls tiennent toujours \u00e0 disposition des clients la liste de leurs principaux tarifs et s&rsquo;engagent \u00e0 fournir des tarifs d\u00e9taill\u00e9s sur demande.<\/p>\n<h2 style=\"text-align: justify;\"><strong>5. PRIORITE AU CONFORT DE L\u2019ANIMAL<\/strong><\/h2>\n<p style=\"text-align: justify;\">Les v\u00e9t\u00e9rinaires de l&rsquo;AVAD placent le confort de chaque animal au centre de leurs pr\u00e9occupations dans toutes leurs d\u00e9marches cliniques. La douleur est \u00e9valu\u00e9e et prise en charge gr\u00e2ce aux techniques et aux traitements les plus r\u00e9cents.<\/p>\n<h2 style=\"text-align: justify;\"><strong>6. INNOVATION ET FORMATION CONTINUE<\/strong><\/h2>\n<p style=\"text-align: justify;\">Les v\u00e9t\u00e9rinaires membres de l\u2019 AVAD participent r\u00e9guli\u00e8rement \u00e0 des s\u00e9minaires et congr\u00e8s de formation continue pour acqu\u00e9rir les derni\u00e8res innovations th\u00e9rapeutiques et pouvoir mettre en \u0153uvre les traitements les plus adapt\u00e9s.<\/p>\n<h2 style=\"text-align: justify;\"><strong>7. PERMANENCE ET CONTINUITE DES SOINS<\/strong><\/h2>\n<p style=\"text-align: justify;\">Les v\u00e9t\u00e9rinaires membres de l\u2019 AVAD entretiennent d&rsquo;\u00e9troites relations avec les cliniques v\u00e9t\u00e9rinaires locales de fa\u00e7on \u00e0 proc\u00e9der aux hospitalisations le plus rapidement et le plus efficacement possible si cela devait s&rsquo;av\u00e9rer n\u00e9cessaire ainsi que pour la r\u00e9alisation des actes chirurgicaux qui ne peuvent \u00eatre pratiqu\u00e9s \u00e0 domicile. Par ailleurs, ils s\u2019engagent \u00e0 conclure des conventions avec des \u00e9tablissements de soin 24h\/24 pour assurer la permanence des soins pendant leurs heures de fermeture.<br \/>\nLes v\u00e9t\u00e9rinaires membres de l\u2019 AVAD qui assurent les urgences pour d\u2019autres confr\u00e8res ou agissent \u00e0 la demande d\u2019un confr\u00e8re s\u00e9dentaire (r\u00e9f\u00e9r\u00e9), s\u2019engagent \u00e0 respecter scrupuleusement les recommandations d\u00e9ontologiques en la mati\u00e8re : soins limit\u00e9s aux actes justifi\u00e9s par l\u2019urgence ou aux actes r\u00e9f\u00e9r\u00e9s, renvoi du propri\u00e9taire vers son v\u00e9t\u00e9rinaire habituel pour le suivi, r\u00e9daction et transmission d\u2019un compte rendu d\u2019intervention au propri\u00e9taire et au v\u00e9t\u00e9rinaire r\u00e9f\u00e9rent.<\/p>\n","protected":false},"excerpt":{"rendered":"<p>1. DEONTOLOGIE Les v\u00e9t\u00e9rinaires membres de l\u2019 AVAD s\u2019engagent \u00e0 respecter le code de d\u00e9ontologie de la profession. Ils agissent en partenariat avec les v\u00e9t\u00e9rinaires s\u00e9dentaires au sein de la chaine de soins pour le bien-\u00eatre des animaux de compagnie et s\u2019interdisent tout acte de concurrence d\u00e9loyale ou de d\u00e9tournement de client\u00e8le. 2. DISPONIBILITE En [&hellip;]<\/p>\n","protected":false},"author":1,"featured_media":0,"parent":0,"menu_order":0,"comment_status":"closed","ping_status":"closed","template":"","meta":{"footnotes":""},"_links":{"self":[{"href":"https:\/\/www.veterinairesadomicile.com\/veterinaires-a-domicile\/wp-json\/wp\/v2\/pages\/267"}],"collection":[{"href":"https:\/\/www.veterinairesadomicile.com\/veterinaires-a-domicile\/wp-json\/wp\/v2\/pages"}],"about":[{"href":"https:\/\/www.veterinairesadomicile.com\/veterinaires-a-domicile\/wp-json\/wp\/v2\/types\/page"}],"author":[{"embeddable":true,"href":"https:\/\/www.veterinairesadomicile.com\/veterinaires-a-domicile\/wp-json\/wp\/v2\/users\/1"}],"replies":[{"embeddable":true,"href":"https:\/\/www.veterinairesadomicile.com\/veterinaires-a-domicile\/wp-json\/wp\/v2\/comments?post=267"}],"version-history":[{"count":7,"href":"https:\/\/www.veterinairesadomicile.com\/veterinaires-a-domicile\/wp-json\/wp\/v2\/pages\/267\/revisions"}],"predecessor-version":[{"id":1550,"href":"https:\/\/www.veterinairesadomicile.com\/veterinaires-a-domicile\/wp-json\/wp\/v2\/pages\/267\/revisions\/1550"}],"wp:attachment":[{"href":"https:\/\/www.veterinairesadomicile.com\/veterinaires-a-domicile\/wp-json\/wp\/v2\/media?parent=267"}],"curies":[{"name":"wp","href":"https:\/\/api.w.org\/{rel}","templated":true}]}}