{"id":27,"date":"2012-04-06T09:56:50","date_gmt":"2012-04-06T09:56:50","guid":{"rendered":"http:\/\/www.veterinairesadomicile.com\/domicile\/?page_id=27"},"modified":"2018-10-10T05:41:39","modified_gmt":"2018-10-10T05:41:39","slug":"mentions-legales","status":"publish","type":"page","link":"https:\/\/www.veterinairesadomicile.com\/veterinaires-a-domicile\/mentions-legales\/","title":{"rendered":"Mentions l\u00e9gales"},"content":{"rendered":"<p><strong>Informations \u00e9diteur<\/strong><\/p>\n<p>Editeur et directeur de la publication:<\/p>\n<p>AVAD Association des Veterinaires \u00c0 Domicile<br \/>\nAssociation de loi 1901, d\u00e9claration n\u00b0 1961, le 20 novembre 2009, JO du 12 d\u00e9cembre 2009<br \/>\n5 rue Andr\u00e9 Dubois, 75019 PARIS<br \/>\ninfo (at) veterinairesadomicile.com<\/p>\n<p><strong>H\u00e9bergement:<\/strong><\/p>\n<p>OVH<\/p>\n<p><strong>Conditions g\u00e9n\u00e9rales d&rsquo;utilisation ou notice l\u00e9gale<\/strong><\/p>\n<p style=\"text-align: justify;\">Ce site web (ci-apr\u00e8s d\u00e9nom\u00e9 le Site) a \u00e9t\u00e9 cr\u00e9\u00e9 pour fournir des informations g\u00e9n\u00e9rales sur l&rsquo;Association des V\u00e9t\u00e9rinaires \u00c0 Domicile (ci-apr\u00e8s d\u00e9nomm\u00e9 l&rsquo;AVAD).<\/p>\n<p style=\"text-align: justify;\">Bien que l&rsquo;AVAD s&rsquo;efforce de diffuser des informations fiables et actualis\u00e9es sur le Site, l&rsquo;AVAD ne garantit pas l&rsquo;exactitude, la pr\u00e9cision, la mise \u00e0 jour ou l&rsquo;exhaustivit\u00e9 des informations mises \u00e0 disposition sur le Site.<br \/>\nEn outre, l&rsquo;AVAD ne pourrait \u00eatre tenue pour responsable, de quelque mani\u00e8re que ce soit, des pr\u00e9judices directs, indirects ou fortuits, des dommages et int\u00e9r\u00eats indirects ou dissuasifs, r\u00e9sultant de l&rsquo;acc\u00e8s au Site, de l&rsquo;utilisation du Site, incluant toute d\u00e9t\u00e9rioration ou virus qui pourraient infecter l&rsquo; \u00e9quipement informatique ou tout autre bien, de l&rsquo;interpr\u00e9tation ou de l&rsquo;incapacit\u00e9 \u00e0 utiliser les informations provenant directement ou indirectement du Site. De plus, l&rsquo;AVAD ne pourrait \u00eatre tenue pour responsable, de quelque mani\u00e8re que ce soit, pour l&rsquo;inexactitude ou les manques d&rsquo;informations pr\u00e9sentes sur le Site. Ceci s&rsquo;applique en particulier aux informations traitant des services de l&rsquo;AVAD. L&rsquo;AVAD se r\u00e9serve le droit de modifier, de corriger le contenu de ce Site ou d&rsquo;interrompre ou de suspendre tout ou partie des fonctionnalit\u00e9s du Site, temporairement ou de fa\u00e7on permanente, \u00e0 tout moment et sans pr\u00e9avis et pour n&rsquo;importe quelle raison. l&rsquo;AVAD ne pourra \u00eatre tenu pour responsable, de quelque mani\u00e8re que ce soit, des cons\u00e9quences de telles modifications, interruptions ou suspensions.<\/p>\n<p style=\"text-align: justify;\"><strong>Propri\u00e9t\u00e9 intellectuelle<\/strong><\/p>\n<p style=\"text-align: justify;\">Tous les textes, \u00e9l\u00e9ments graphiques, images, vid\u00e9os contenus dans ce Site, leur pr\u00e9sentation ainsi que leur assemblage, sont la propri\u00e9t\u00e9 exclusive de l&rsquo;AVAD, sauf mention sp\u00e9ciale. L&rsquo;utilisation, la reproduction et la diffusion de ces informations ou de tout ou partie des \u00e9l\u00e9ments composant ce Site sans autorisation pr\u00e9alable \u00e9crite de l&rsquo;AVAD. Le Site est la propri\u00e9t\u00e9 exclusive de l&rsquo;AVAD et l&rsquo;utilisation non autoris\u00e9e de ces informations est strictement interdite. Sauf indication contraire, le t\u00e9l\u00e9chargement des documents est seulement autoris\u00e9 par l&rsquo;AVAD pour un usage strictement personnel et non commercial, et les copies qui en d\u00e9couleront ne devront pas faire l&rsquo;objet de distribution ou rediffusion, et devront conserver et\/ou faire appara\u00eetre toute indication du droit d&rsquo;auteur ou de droit de propri\u00e9t\u00e9 intellectuelle de l&rsquo;AVAD. L&rsquo;utilisation, la reproduction et la diffusion de ces informations et de tout ou partie des \u00e9l\u00e9ments composant le Site pour tout autre usage sont strictement interdits sans autorisation \u00e9crite de l&rsquo;AVAD. A l&rsquo;exception de l&rsquo;autorisation limit\u00e9e r\u00e9sultant des pr\u00e9sentes conditions, l&rsquo;utilisateur s&rsquo;interdit notamment toute modification, reproduction, transmission, du contenu du Site, y compris les textes, images, supports sonores ou vid\u00e9os. Aucune de ces dispositions ne doit \u00eatre interpr\u00e9t\u00e9e comme \u00e9tant de nature \u00e0 accorder un droit de licence ou tout autre droit sur la propri\u00e9t\u00e9 intellectuelle de l&rsquo;AVAD. L&rsquo;AVAD se r\u00e9serve le droit de modifier et d&rsquo;actualiser les dispositions de cette rubrique \u00e0 tout moment.<\/p>\n<p style=\"text-align: justify;\"><strong>Marques<\/strong><\/p>\n<p style=\"text-align: justify;\">Sauf indication contraire, tous les noms de produits et de services et autres marques, logos, slogans, qu&rsquo;ils apparaissent ou non en lettres capitales ou suivis des sigles \u00a0\u00bb ou &lsquo;, sont des marques enregistr\u00e9es ou d\u00e9pos\u00e9es appartenant \u00e0 l&rsquo;AVAD ou \u00e0 leurs propri\u00e9taires respectifs ou font l&rsquo;objet d&rsquo;une autorisation d&rsquo;utilisation. Toutes les informations, au sens large, contenues dans le Site, sont la propri\u00e9t\u00e9 exclusive de l&rsquo;AVAD.<\/p>\n<p style=\"text-align: justify;\">Informations nominatives et autres informations<\/p>\n<p style=\"text-align: justify;\">Les informations nominatives communiqu\u00e9es (telles que nom, pr\u00e9nom, e-mail, adresse et num\u00e9ro de t\u00e9l\u00e9phone) sont confidentielles et \u00e0 l&rsquo;usage exclusif de l&rsquo;AVAD. Vous disposez d&rsquo;un droit d&rsquo;acc\u00e8s, de modification, de rectification et de suppression des donn\u00e9es personnelles qui vous concernent, qui peut \u00eatre exerc\u00e9 directement en envoyant un e-mail \u00e0 webmaster@vetdom.com et l&rsquo;AVAD s&rsquo;engage \u00e0 corriger\/supprimer ces donn\u00e9es dans les meilleurs d\u00e9lais. Dans le cas o\u00f9 une personne consulterait le Site et nous adresserait des remarques, r\u00e9ponses, suggestions ou autres en ce qui concerne les informations pr\u00e9sent\u00e9es par l&rsquo;AVAD, il est entendu que ces derni\u00e8res informations ne seront pas consid\u00e9r\u00e9es comme confidentielles et que l&rsquo;AVAD aura le droit de reproduire, utiliser, divulguer et distribuer le contenu de ces propos \u00e0 des tiers sans aucune limitation. l&rsquo;AVAD aura en outre le droit d&rsquo;utiliser les id\u00e9es, concepts, savoir-faire ou techniques contenues dans ces propos, pour quelque but que ce soit, notamment pour le d\u00e9veloppement, la fabrication, le marketing des services incorporant telle information.<\/p>\n<p style=\"text-align: justify;\"><strong>Liens vers d&rsquo;autres sites<\/strong><\/p>\n<p style=\"text-align: justify;\">L&rsquo;installation de liens hypertextes pointant vers le Site par d&rsquo;autres sites web externes est soumise \u00e0 l&rsquo;autorisation pr\u00e9alable \u00e9crite de l&rsquo;AVAD. Les liens \u00ab\u00a0in-line\u00a0\u00bb ou tout autre proc\u00e9d\u00e9 visant \u00e0 int\u00e9grer des parties de ce Site sur des sites de tiers sont \u00e9galement interdits, sauf autorisation pr\u00e9alable \u00e9crite de l&rsquo;AVAD. Ce Site contient \u00e9galement des informations provenant de tierces personnes et de liens vers d&rsquo;autres sites web. L&rsquo;AVAD ne dispose d&rsquo;aucun moyen de contr\u00f4le du contenu de ces sites tiers qui demeurent totalement ind\u00e9pendants de l&rsquo;AVAD et ne pourra \u00eatre tenu pour responsable de tous pr\u00e9judices directs ou indirects ou fortuits, r\u00e9sultant de l&rsquo;acc\u00e8s ou de l&rsquo;utilisation de ces informations provenant de tiers, ni du contenu des autres sites web reli\u00e9s au Site par des liens hypertextes. Toute liaison avec les autres sites web, s&rsquo;effectue sous la seule responsabilit\u00e9 de l&rsquo;utilisateur.<\/p>\n","protected":false},"excerpt":{"rendered":"<p>Informations \u00e9diteur Editeur et directeur de la publication: AVAD Association des Veterinaires \u00c0 Domicile Association de loi 1901, d\u00e9claration n\u00b0 1961, le 20 novembre 2009, JO du 12 d\u00e9cembre 2009 5 rue Andr\u00e9 Dubois, 75019 PARIS info (at) veterinairesadomicile.com H\u00e9bergement: OVH Conditions g\u00e9n\u00e9rales d&rsquo;utilisation ou notice l\u00e9gale Ce site web (ci-apr\u00e8s d\u00e9nom\u00e9 le Site) a [&hellip;]<\/p>\n","protected":false},"author":1,"featured_media":0,"parent":0,"menu_order":0,"comment_status":"closed","ping_status":"open","template":"","meta":{"footnotes":""},"_links":{"self":[{"href":"https:\/\/www.veterinairesadomicile.com\/veterinaires-a-domicile\/wp-json\/wp\/v2\/pages\/27"}],"collection":[{"href":"https:\/\/www.veterinairesadomicile.com\/veterinaires-a-domicile\/wp-json\/wp\/v2\/pages"}],"about":[{"href":"https:\/\/www.veterinairesadomicile.com\/veterinaires-a-domicile\/wp-json\/wp\/v2\/types\/page"}],"author":[{"embeddable":true,"href":"https:\/\/www.veterinairesadomicile.com\/veterinaires-a-domicile\/wp-json\/wp\/v2\/users\/1"}],"replies":[{"embeddable":true,"href":"https:\/\/www.veterinairesadomicile.com\/veterinaires-a-domicile\/wp-json\/wp\/v2\/comments?post=27"}],"version-history":[{"count":4,"href":"https:\/\/www.veterinairesadomicile.com\/veterinaires-a-domicile\/wp-json\/wp\/v2\/pages\/27\/revisions"}],"predecessor-version":[{"id":837,"href":"https:\/\/www.veterinairesadomicile.com\/veterinaires-a-domicile\/wp-json\/wp\/v2\/pages\/27\/revisions\/837"}],"wp:attachment":[{"href":"https:\/\/www.veterinairesadomicile.com\/veterinaires-a-domicile\/wp-json\/wp\/v2\/media?parent=27"}],"curies":[{"name":"wp","href":"https:\/\/api.w.org\/{rel}","templated":true}]}}