{"id":31,"date":"2012-04-06T09:57:27","date_gmt":"2012-04-06T09:57:27","guid":{"rendered":"http:\/\/www.veterinairesadomicile.com\/domicile\/?page_id=31"},"modified":"2015-01-31T17:29:32","modified_gmt":"2015-01-31T17:29:32","slug":"relation-presse","status":"publish","type":"page","link":"https:\/\/www.veterinairesadomicile.com\/veterinaires-a-domicile\/relation-presse\/","title":{"rendered":"Relation Presse"},"content":{"rendered":"<p>Le lien ci-dessous donne acc\u00e8s \u00e0 la page de t\u00e9l\u00e9chargement des logos, photos, et communiqu\u00e9s de presse en haute d\u00e9finition \u00e0 destination des professionnels. L&rsquo;utilisation de l&rsquo;ensemble des donn\u00e9es disponibles impose la citation d&rsquo;un copyright AVAD.<\/p>\n<ul>\n<li><a title=\"Page de t\u00e9l\u00e9chargement AVAD relations presse\" href=\"http:\/\/www.veterinairesadomicile.com\/presse\" target=\"_blank\">Page<\/a> de t\u00e9l\u00e9chargement presse<\/li>\n<li><a title=\"Contact\" href=\"https:\/\/www.veterinairesadomicile.com\/veterinaires-a-domicile\/?page_id=20\">Formulaire<\/a> pour tout contact presse<\/li>\n<\/ul>\n","protected":false},"excerpt":{"rendered":"<p>Le lien ci-dessous donne acc\u00e8s \u00e0 la page de t\u00e9l\u00e9chargement des logos, photos, et communiqu\u00e9s de presse en haute d\u00e9finition \u00e0 destination des professionnels. L&rsquo;utilisation de l&rsquo;ensemble des donn\u00e9es disponibles impose la citation d&rsquo;un copyright AVAD. Page de t\u00e9l\u00e9chargement presse Formulaire pour tout contact presse<\/p>\n","protected":false},"author":1,"featured_media":0,"parent":0,"menu_order":0,"comment_status":"closed","ping_status":"open","template":"templates\/fullwidth-page.php","meta":{"footnotes":""},"_links":{"self":[{"href":"https:\/\/www.veterinairesadomicile.com\/veterinaires-a-domicile\/wp-json\/wp\/v2\/pages\/31"}],"collection":[{"href":"https:\/\/www.veterinairesadomicile.com\/veterinaires-a-domicile\/wp-json\/wp\/v2\/pages"}],"about":[{"href":"https:\/\/www.veterinairesadomicile.com\/veterinaires-a-domicile\/wp-json\/wp\/v2\/types\/page"}],"author":[{"embeddable":true,"href":"https:\/\/www.veterinairesadomicile.com\/veterinaires-a-domicile\/wp-json\/wp\/v2\/users\/1"}],"replies":[{"embeddable":true,"href":"https:\/\/www.veterinairesadomicile.com\/veterinaires-a-domicile\/wp-json\/wp\/v2\/comments?post=31"}],"version-history":[{"count":1,"href":"https:\/\/www.veterinairesadomicile.com\/veterinaires-a-domicile\/wp-json\/wp\/v2\/pages\/31\/revisions"}],"predecessor-version":[{"id":474,"href":"https:\/\/www.veterinairesadomicile.com\/veterinaires-a-domicile\/wp-json\/wp\/v2\/pages\/31\/revisions\/474"}],"wp:attachment":[{"href":"https:\/\/www.veterinairesadomicile.com\/veterinaires-a-domicile\/wp-json\/wp\/v2\/media?parent=31"}],"curies":[{"name":"wp","href":"https:\/\/api.w.org\/{rel}","templated":true}]}}