{"id":4151,"date":"2023-07-12T11:00:34","date_gmt":"2023-07-12T11:00:34","guid":{"rendered":"https:\/\/www.veterinairesadomicile.com\/veterinaires-a-domicile\/?page_id=4151"},"modified":"2023-07-12T11:00:34","modified_gmt":"2023-07-12T11:00:34","slug":"vous-avez-le-projet-de-devenir-veterinaire-a-domicile-rejoignez-nous","status":"publish","type":"page","link":"https:\/\/www.veterinairesadomicile.com\/veterinaires-a-domicile\/vous-avez-le-projet-de-devenir-veterinaire-a-domicile-rejoignez-nous\/","title":{"rendered":"Vous avez le projet de devenir v\u00e9t\u00e9rinaire \u00e0 domicile, rejoignez-nous !"},"content":{"rendered":"<p><img loading=\"lazy\" decoding=\"async\" class=\"wp-image-362 size-medium aligncenter\" src=\"https:\/\/web.archive.org\/web\/20190707162206\/https:\/\/www.veterinairesadomicile.com\/veterinaires-a-domicile\/wp-content\/uploads\/2015\/01\/priorite_a_l_animal-300x183.jpg\" alt=\"\" width=\"300\" height=\"183\" srcset=\"https:\/\/www.veterinairesadomicile.com\/veterinaires-a-domicile\/wp-content\/uploads\/2015\/01\/priorite_a_l_animal-300x183.jpg 300w, https:\/\/www.veterinairesadomicile.com\/veterinaires-a-domicile\/wp-content\/uploads\/2015\/01\/priorite_a_l_animal-1024x625.jpg 1024w, https:\/\/www.veterinairesadomicile.com\/veterinaires-a-domicile\/wp-content\/uploads\/2015\/01\/priorite_a_l_animal.jpg 1200w\" sizes=\"(max-width: 300px) 100vw, 300px\" \/><\/p>\n<h2><span style=\"color: #000000;\">Vous \u00a0avez le projet de vous installer comme v\u00e9t\u00e9rinaire \u00e0 domicile en France, alors rejoignez l&rsquo;AVAD !<\/span><\/h2>\n<p><span style=\"color: #000000;\">L&rsquo;AVAD\u00a0a pour but de contribuer \u00e0 la d\u00e9finition et \u00e0 la promotion de la m\u00e9decine v\u00e9t\u00e9rinaire \u00e0 domicile,\u00a0d&rsquo;\u00eatre une plate-forme permettant d&rsquo;optimiser la prise en charge des animaux \u00e0 domicile notamment par la cr\u00e9ation de r\u00e9seaux th\u00e9matiques, d&rsquo;\u00eatre partie prenante dans l&rsquo;\u00e9valuation de l&rsquo;assurance qualit\u00e9 en\u00a0pratique v\u00e9t\u00e9rinaire \u00e0 domicile.<\/span><\/p>\n<p><strong><span style=\"color: #008000;\">L&rsquo;adh\u00e9sion est ouverte aux v\u00e9t\u00e9rinaires inscrits \u00e0 l&rsquo;Ordre des V\u00e9t\u00e9rinaires exer\u00e7ant \u00e0 temps plein ou temps partiel comme v\u00e9t\u00e9rinaire \u00e0 domicile (en nom propre ou pour le compte d&rsquo;une structure) ainsi qu&rsquo;aux v\u00e9t\u00e9rinaires qui sont en projet d&rsquo;installation comme v\u00e9t\u00e9rinaire \u00e0 domicile.<\/span><\/strong><\/p>\n<h3>&#x203c;&#xfe0f;Pendant 1 an, vous aurez le statut de \u00ab\u00a0membre en projet\u00a0\u00bb: \u00e7a vous permet d&rsquo;\u00e9changer avec tous les v\u00e9t\u00e9rinaires d\u00e9j\u00e0 install\u00e9s de l&rsquo;association pour un partage d&rsquo;exp\u00e9rience. Au bout d&rsquo;un an, si vous aurez franchi le pas, et vous pourrez continuer \u00e0 \u00eatre membre \u00e0 part enti\u00e8re &#x1f609;<\/h3>\n<p>Le paiement de l&rsquo;adh\u00e9sion annuelle permet:<\/p>\n<ul>\n<li>l&rsquo;acc\u00e8s \u00e0 la <a href=\"https:\/\/www.veterinairesadomicile.com\/veterinaires-a-domicile\/wp-login.php\">partie r\u00e9serv\u00e9e aux membres<\/a> du site<\/li>\n<li>participer aux \u00e9changes avec l&rsquo;ensemble de la profession sur l&rsquo;exercice v\u00e9t\u00e9rinaire \u00e0 domicile<\/li>\n<li>l&rsquo;acc\u00e8s au modules de formations \/ \u00e9changes en visio entre les membres<\/li>\n<li>l&rsquo;acc\u00e8s \u00e0 la communaut\u00e9 des membres AVAD sur Slack <img loading=\"lazy\" decoding=\"async\" class=\"alignnone wp-image-2144\" src=\"https:\/\/www.veterinairesadomicile.com\/veterinaires-a-domicile\/wp-content\/uploads\/2021\/04\/slack-150x150.png\" alt=\"\" width=\"50\" height=\"50\" srcset=\"https:\/\/www.veterinairesadomicile.com\/veterinaires-a-domicile\/wp-content\/uploads\/2021\/04\/slack-150x150.png 150w, https:\/\/www.veterinairesadomicile.com\/veterinaires-a-domicile\/wp-content\/uploads\/2021\/04\/slack.png 256w\" sizes=\"(max-width: 50px) 100vw, 50px\" \/><\/li>\n<\/ul>\n<p><iframe id=\"haWidget\" style=\"width: 100%; height: 750px; border: none;\" src=\"https:\/\/www.helloasso.com\/associations\/association-des-veterinaires-a-domicile\/adhesions\/adhesion-avad\/widget\" scrolling=\"auto\"><\/iframe><\/p>\n<hr \/>\n<p>Conform\u00e9ment aux statuts de l&rsquo;association, l&rsquo;adh\u00e9sion \u00e0 l&rsquo;AVAD est exclusivement r\u00e9serv\u00e9e aux Docteurs V\u00e9t\u00e9rinaires dipl\u00f4m\u00e9s, \u00e0 jour de leur inscription au tableau de l&rsquo;<a href=\"https:\/\/www.veterinaire.fr\" target=\"_blank\" rel=\"noopener\">Ordre des V\u00e9t\u00e9rinaires<\/a>, exer\u00e7ant comme v\u00e9t\u00e9rinaire \u00e0 domicile ou ayant le projet d&rsquo;exercer comme v\u00e9t\u00e9rinaire \u00e0 domicile. Dans tous les autres cas, la demande d&rsquo;adh\u00e9sion sera rejet\u00e9e.<\/p>\n<p>Suite \u00e0 votre r\u00e8glement, vous serez contact\u00e9 par un membre du bureau de l&rsquo;AVAD pour validation de votre adh\u00e9sion. Cette proc\u00e9dure peut prendre 1 \u00e0 7 jours ouvr\u00e9s. La validation n&rsquo;est pas automatique. Suite \u00e0 la validation, vous recevrez un re\u00e7u comptable.<\/p>\n","protected":false},"excerpt":{"rendered":"<p>Vous \u00a0avez le projet de vous installer comme v\u00e9t\u00e9rinaire \u00e0 domicile en France, alors rejoignez l&rsquo;AVAD ! L&rsquo;AVAD\u00a0a pour but de contribuer \u00e0 la d\u00e9finition et \u00e0 la promotion de la m\u00e9decine v\u00e9t\u00e9rinaire \u00e0 domicile,\u00a0d&rsquo;\u00eatre une plate-forme permettant d&rsquo;optimiser la prise en charge des animaux \u00e0 domicile notamment par la cr\u00e9ation de r\u00e9seaux th\u00e9matiques, d&rsquo;\u00eatre [&hellip;]<\/p>\n","protected":false},"author":1,"featured_media":362,"parent":0,"menu_order":8,"comment_status":"closed","ping_status":"closed","template":"","meta":{"footnotes":""},"_links":{"self":[{"href":"https:\/\/www.veterinairesadomicile.com\/veterinaires-a-domicile\/wp-json\/wp\/v2\/pages\/4151"}],"collection":[{"href":"https:\/\/www.veterinairesadomicile.com\/veterinaires-a-domicile\/wp-json\/wp\/v2\/pages"}],"about":[{"href":"https:\/\/www.veterinairesadomicile.com\/veterinaires-a-domicile\/wp-json\/wp\/v2\/types\/page"}],"author":[{"embeddable":true,"href":"https:\/\/www.veterinairesadomicile.com\/veterinaires-a-domicile\/wp-json\/wp\/v2\/users\/1"}],"replies":[{"embeddable":true,"href":"https:\/\/www.veterinairesadomicile.com\/veterinaires-a-domicile\/wp-json\/wp\/v2\/comments?post=4151"}],"version-history":[{"count":1,"href":"https:\/\/www.veterinairesadomicile.com\/veterinaires-a-domicile\/wp-json\/wp\/v2\/pages\/4151\/revisions"}],"predecessor-version":[{"id":4152,"href":"https:\/\/www.veterinairesadomicile.com\/veterinaires-a-domicile\/wp-json\/wp\/v2\/pages\/4151\/revisions\/4152"}],"wp:featuredmedia":[{"embeddable":true,"href":"https:\/\/www.veterinairesadomicile.com\/veterinaires-a-domicile\/wp-json\/wp\/v2\/media\/362"}],"wp:attachment":[{"href":"https:\/\/www.veterinairesadomicile.com\/veterinaires-a-domicile\/wp-json\/wp\/v2\/media?parent=4151"}],"curies":[{"name":"wp","href":"https:\/\/api.w.org\/{rel}","templated":true}]}}